{"id":13,"date":"2019-11-22T13:54:24","date_gmt":"2019-11-22T16:54:24","guid":{"rendered":"https:\/\/sialcorr.com.br\/site\/?page_id=13"},"modified":"2024-07-29T15:46:29","modified_gmt":"2024-07-29T18:46:29","slug":"home","status":"publish","type":"page","link":"https:\/\/sialcorr.com.br\/site\/","title":{"rendered":"HOME"},"content":{"rendered":"\t\t<div data-elementor-type=\"wp-page\" data-elementor-id=\"13\" class=\"elementor elementor-13\">\n\t\t\t\t\t\t<section class=\"elementor-section elementor-top-section elementor-element elementor-element-de72020 elementor-section-stretched elementor-section-full_width elementor-section-height-full elementor-section-content-middle elementor-section-height-default elementor-section-items-middle\" data-id=\"de72020\" data-element_type=\"section\" data-e-type=\"section\" data-settings=\"{&quot;stretch_section&quot;:&quot;section-stretched&quot;,&quot;background_background&quot;:&quot;classic&quot;}\">\n\t\t\t\t\t\t\t<div class=\"elementor-background-overlay\"><\/div>\n\t\t\t\t\t\t\t<div class=\"elementor-container elementor-column-gap-default\">\n\t\t\t\t\t<div class=\"elementor-column elementor-col-100 elementor-top-column elementor-element elementor-element-7695fd6\" data-id=\"7695fd6\" data-element_type=\"column\" data-e-type=\"column\">\n\t\t\t<div class=\"elementor-widget-wrap elementor-element-populated\">\n\t\t\t\t\t\t<div class=\"elementor-element elementor-element-b1fcecc elementor-widget elementor-widget-heading\" data-id=\"b1fcecc\" data-element_type=\"widget\" data-e-type=\"widget\" data-widget_type=\"heading.default\">\n\t\t\t\t<div class=\"elementor-widget-container\">\n\t\t\t\t\t<h2 class=\"elementor-heading-title elementor-size-default\">PARA N\u00d3S,<br>CADA PESSOA, CADA EMPRESA,<br>\u00c9 \u00daNICA.<\/h2>\t\t\t\t<\/div>\n\t\t\t\t<\/div>\n\t\t\t\t<div class=\"elementor-element elementor-element-3defc68 elementor-widget elementor-widget-heading\" data-id=\"3defc68\" data-element_type=\"widget\" data-e-type=\"widget\" data-widget_type=\"heading.default\">\n\t\t\t\t<div class=\"elementor-widget-container\">\n\t\t\t\t\t<h2 class=\"elementor-heading-title elementor-size-default\">A solu\u00e7\u00e3o sob medida para voc\u00ea e para o seu neg\u00f3cio est\u00e1 aqui.<br><br>Interesse genu\u00edno e profissionalismo para te entregar<br>tranquilidade e seguran\u00e7a com a melhor rela\u00e7\u00e3o custo x benef\u00edcio.<\/h2>\t\t\t\t<\/div>\n\t\t\t\t<\/div>\n\t\t\t\t\t<\/div>\n\t\t<\/div>\n\t\t\t\t\t<\/div>\n\t\t<\/section>\n\t\t\t\t<section class=\"elementor-section elementor-top-section elementor-element elementor-element-44a0c27 elementor-section-boxed elementor-section-height-default elementor-section-height-default\" data-id=\"44a0c27\" data-element_type=\"section\" data-e-type=\"section\">\n\t\t\t\t\t\t<div class=\"elementor-container elementor-column-gap-default\">\n\t\t\t\t\t<div class=\"elementor-column elementor-col-100 elementor-top-column elementor-element elementor-element-324e82b\" data-id=\"324e82b\" data-element_type=\"column\" data-e-type=\"column\">\n\t\t\t<div class=\"elementor-widget-wrap elementor-element-populated\">\n\t\t\t\t\t\t<div class=\"elementor-element elementor-element-ceace57 elementor-widget elementor-widget-heading\" data-id=\"ceace57\" data-element_type=\"widget\" data-e-type=\"widget\" data-widget_type=\"heading.default\">\n\t\t\t\t<div class=\"elementor-widget-container\">\n\t\t\t\t\t<h2 class=\"elementor-heading-title elementor-size-default\">N\u00f3s te ajudamos<br>a se proteger financeiramente,<br>do jeito certo.<\/h2>\t\t\t\t<\/div>\n\t\t\t\t<\/div>\n\t\t\t\t<div class=\"elementor-element elementor-element-dee852a elementor-widget elementor-widget-heading\" data-id=\"dee852a\" data-element_type=\"widget\" data-e-type=\"widget\" data-widget_type=\"heading.default\">\n\t\t\t\t<div class=\"elementor-widget-container\">\n\t\t\t\t\t<h2 class=\"elementor-heading-title elementor-size-default\">Atuamos para todo o territ\u00f3rio nacional<\/h2>\t\t\t\t<\/div>\n\t\t\t\t<\/div>\n\t\t\t\t<section class=\"elementor-section elementor-inner-section elementor-element elementor-element-3f273db elementor-section-boxed elementor-section-height-default elementor-section-height-default\" data-id=\"3f273db\" data-element_type=\"section\" data-e-type=\"section\">\n\t\t\t\t\t\t<div class=\"elementor-container elementor-column-gap-default\">\n\t\t\t\t\t<div class=\"elementor-column elementor-col-25 elementor-inner-column elementor-element elementor-element-82cbb4f\" data-id=\"82cbb4f\" data-element_type=\"column\" data-e-type=\"column\">\n\t\t\t<div class=\"elementor-widget-wrap elementor-element-populated\">\n\t\t\t\t\t\t<div class=\"elementor-element elementor-element-9658163 elementor-widget elementor-widget-heading\" data-id=\"9658163\" data-element_type=\"widget\" data-e-type=\"widget\" data-widget_type=\"heading.default\">\n\t\t\t\t<div class=\"elementor-widget-container\">\n\t\t\t\t\t<h2 class=\"elementor-heading-title elementor-size-default\">Seguro de Vida<br><b>Individual<\/b><\/h2>\t\t\t\t<\/div>\n\t\t\t\t<\/div>\n\t\t\t\t<div class=\"elementor-element elementor-element-dc8dc09 elementor-widget elementor-widget-image\" data-id=\"dc8dc09\" data-element_type=\"widget\" data-e-type=\"widget\" data-widget_type=\"image.default\">\n\t\t\t\t<div class=\"elementor-widget-container\">\n\t\t\t\t\t\t\t\t\t\t\t\t\t\t\t<img fetchpriority=\"high\" decoding=\"async\" width=\"1024\" height=\"682\" src=\"https:\/\/sialcorr.com.br\/site\/wp-content\/uploads\/2019\/11\/vida_individual-1024x682.jpg\" class=\"attachment-large size-large wp-image-124\" alt=\"\" srcset=\"https:\/\/sialcorr.com.br\/site\/wp-content\/uploads\/2019\/11\/vida_individual-1024x682.jpg 1024w, https:\/\/sialcorr.com.br\/site\/wp-content\/uploads\/2019\/11\/vida_individual-300x200.jpg 300w, https:\/\/sialcorr.com.br\/site\/wp-content\/uploads\/2019\/11\/vida_individual-768x512.jpg 768w, https:\/\/sialcorr.com.br\/site\/wp-content\/uploads\/2019\/11\/vida_individual.jpg 1280w\" sizes=\"(max-width: 1024px) 100vw, 1024px\" \/>\t\t\t\t\t\t\t\t\t\t\t\t\t\t\t<\/div>\n\t\t\t\t<\/div>\n\t\t\t\t\t<\/div>\n\t\t<\/div>\n\t\t\t\t<div class=\"elementor-column elementor-col-25 elementor-inner-column elementor-element elementor-element-624e743\" data-id=\"624e743\" data-element_type=\"column\" data-e-type=\"column\">\n\t\t\t<div class=\"elementor-widget-wrap elementor-element-populated\">\n\t\t\t\t\t\t<div class=\"elementor-element elementor-element-21add72 elementor-widget elementor-widget-heading\" data-id=\"21add72\" data-element_type=\"widget\" data-e-type=\"widget\" data-widget_type=\"heading.default\">\n\t\t\t\t<div class=\"elementor-widget-container\">\n\t\t\t\t\t<h2 class=\"elementor-heading-title elementor-size-default\">Seguro de Vida<br><b>Familiar<\/b><\/h2>\t\t\t\t<\/div>\n\t\t\t\t<\/div>\n\t\t\t\t<div class=\"elementor-element elementor-element-506d53e elementor-widget elementor-widget-image\" data-id=\"506d53e\" data-element_type=\"widget\" data-e-type=\"widget\" data-widget_type=\"image.default\">\n\t\t\t\t<div class=\"elementor-widget-container\">\n\t\t\t\t\t\t\t\t\t\t\t\t\t\t\t<img decoding=\"async\" width=\"1024\" height=\"682\" src=\"https:\/\/sialcorr.com.br\/site\/wp-content\/uploads\/2019\/11\/vida_familiar-1024x682.jpg\" class=\"attachment-large size-large wp-image-125\" alt=\"\" srcset=\"https:\/\/sialcorr.com.br\/site\/wp-content\/uploads\/2019\/11\/vida_familiar-1024x682.jpg 1024w, https:\/\/sialcorr.com.br\/site\/wp-content\/uploads\/2019\/11\/vida_familiar-300x200.jpg 300w, https:\/\/sialcorr.com.br\/site\/wp-content\/uploads\/2019\/11\/vida_familiar-768x512.jpg 768w, https:\/\/sialcorr.com.br\/site\/wp-content\/uploads\/2019\/11\/vida_familiar.jpg 1280w\" sizes=\"(max-width: 1024px) 100vw, 1024px\" \/>\t\t\t\t\t\t\t\t\t\t\t\t\t\t\t<\/div>\n\t\t\t\t<\/div>\n\t\t\t\t\t<\/div>\n\t\t<\/div>\n\t\t\t\t<div class=\"elementor-column elementor-col-25 elementor-inner-column elementor-element elementor-element-89f2968\" data-id=\"89f2968\" data-element_type=\"column\" data-e-type=\"column\">\n\t\t\t<div class=\"elementor-widget-wrap elementor-element-populated\">\n\t\t\t\t\t\t<div class=\"elementor-element elementor-element-dbd1c6d elementor-widget elementor-widget-heading\" data-id=\"dbd1c6d\" data-element_type=\"widget\" data-e-type=\"widget\" data-widget_type=\"heading.default\">\n\t\t\t\t<div class=\"elementor-widget-container\">\n\t\t\t\t\t<h2 class=\"elementor-heading-title elementor-size-default\">Seguro de Vida<br><b>Em Grupo<\/b><\/h2>\t\t\t\t<\/div>\n\t\t\t\t<\/div>\n\t\t\t\t<div class=\"elementor-element elementor-element-9ebbb30 elementor-widget elementor-widget-image\" data-id=\"9ebbb30\" data-element_type=\"widget\" data-e-type=\"widget\" data-widget_type=\"image.default\">\n\t\t\t\t<div class=\"elementor-widget-container\">\n\t\t\t\t\t\t\t\t\t\t\t\t\t\t\t<img decoding=\"async\" width=\"1024\" height=\"682\" src=\"https:\/\/sialcorr.com.br\/site\/wp-content\/uploads\/2019\/11\/vida_grupo-1024x682.jpg\" class=\"attachment-large size-large wp-image-126\" alt=\"\" srcset=\"https:\/\/sialcorr.com.br\/site\/wp-content\/uploads\/2019\/11\/vida_grupo-1024x682.jpg 1024w, https:\/\/sialcorr.com.br\/site\/wp-content\/uploads\/2019\/11\/vida_grupo-300x200.jpg 300w, https:\/\/sialcorr.com.br\/site\/wp-content\/uploads\/2019\/11\/vida_grupo-768x512.jpg 768w, https:\/\/sialcorr.com.br\/site\/wp-content\/uploads\/2019\/11\/vida_grupo.jpg 1280w\" sizes=\"(max-width: 1024px) 100vw, 1024px\" \/>\t\t\t\t\t\t\t\t\t\t\t\t\t\t\t<\/div>\n\t\t\t\t<\/div>\n\t\t\t\t\t<\/div>\n\t\t<\/div>\n\t\t\t\t<div class=\"elementor-column elementor-col-25 elementor-inner-column elementor-element elementor-element-9d06824\" data-id=\"9d06824\" data-element_type=\"column\" data-e-type=\"column\">\n\t\t\t<div class=\"elementor-widget-wrap elementor-element-populated\">\n\t\t\t\t\t\t<div class=\"elementor-element elementor-element-412bc57 elementor-widget elementor-widget-heading\" data-id=\"412bc57\" data-element_type=\"widget\" data-e-type=\"widget\" data-widget_type=\"heading.default\">\n\t\t\t\t<div class=\"elementor-widget-container\">\n\t\t\t\t\t<h2 class=\"elementor-heading-title elementor-size-default\">Previd\u00eancia<br><b>Privada<\/b><\/h2>\t\t\t\t<\/div>\n\t\t\t\t<\/div>\n\t\t\t\t<div class=\"elementor-element elementor-element-b6ac35c elementor-widget elementor-widget-image\" data-id=\"b6ac35c\" data-element_type=\"widget\" data-e-type=\"widget\" data-widget_type=\"image.default\">\n\t\t\t\t<div class=\"elementor-widget-container\">\n\t\t\t\t\t\t\t\t\t\t\t\t\t\t\t<img loading=\"lazy\" decoding=\"async\" width=\"1024\" height=\"682\" src=\"https:\/\/sialcorr.com.br\/site\/wp-content\/uploads\/2019\/11\/prev_privada-1024x682.jpg\" class=\"attachment-large size-large wp-image-128\" alt=\"\" srcset=\"https:\/\/sialcorr.com.br\/site\/wp-content\/uploads\/2019\/11\/prev_privada-1024x682.jpg 1024w, https:\/\/sialcorr.com.br\/site\/wp-content\/uploads\/2019\/11\/prev_privada-300x200.jpg 300w, https:\/\/sialcorr.com.br\/site\/wp-content\/uploads\/2019\/11\/prev_privada-768x512.jpg 768w, https:\/\/sialcorr.com.br\/site\/wp-content\/uploads\/2019\/11\/prev_privada.jpg 1280w\" sizes=\"(max-width: 1024px) 100vw, 1024px\" \/>\t\t\t\t\t\t\t\t\t\t\t\t\t\t\t<\/div>\n\t\t\t\t<\/div>\n\t\t\t\t\t<\/div>\n\t\t<\/div>\n\t\t\t\t\t<\/div>\n\t\t<\/section>\n\t\t\t\t<section class=\"elementor-section elementor-inner-section elementor-element elementor-element-6099bc6 elementor-section-boxed elementor-section-height-default elementor-section-height-default\" data-id=\"6099bc6\" data-element_type=\"section\" data-e-type=\"section\">\n\t\t\t\t\t\t<div class=\"elementor-container elementor-column-gap-default\">\n\t\t\t\t\t<div class=\"elementor-column elementor-col-25 elementor-inner-column elementor-element elementor-element-77dc765\" data-id=\"77dc765\" data-element_type=\"column\" data-e-type=\"column\">\n\t\t\t<div class=\"elementor-widget-wrap elementor-element-populated\">\n\t\t\t\t\t\t<div class=\"elementor-element elementor-element-018af33 elementor-widget elementor-widget-heading\" data-id=\"018af33\" data-element_type=\"widget\" data-e-type=\"widget\" data-widget_type=\"heading.default\">\n\t\t\t\t<div class=\"elementor-widget-container\">\n\t\t\t\t\t<h2 class=\"elementor-heading-title elementor-size-default\">Seguro<br><b>RC Profissional<\/b><\/h2>\t\t\t\t<\/div>\n\t\t\t\t<\/div>\n\t\t\t\t<div class=\"elementor-element elementor-element-f62e797 elementor-widget elementor-widget-image\" data-id=\"f62e797\" data-element_type=\"widget\" data-e-type=\"widget\" data-widget_type=\"image.default\">\n\t\t\t\t<div class=\"elementor-widget-container\">\n\t\t\t\t\t\t\t\t\t\t\t\t\t\t\t<img loading=\"lazy\" decoding=\"async\" width=\"1024\" height=\"683\" src=\"https:\/\/sialcorr.com.br\/site\/wp-content\/uploads\/2019\/11\/rcprofissional-1024x683.jpg\" class=\"attachment-large size-large wp-image-146\" alt=\"\" srcset=\"https:\/\/sialcorr.com.br\/site\/wp-content\/uploads\/2019\/11\/rcprofissional-1024x683.jpg 1024w, https:\/\/sialcorr.com.br\/site\/wp-content\/uploads\/2019\/11\/rcprofissional-300x200.jpg 300w, https:\/\/sialcorr.com.br\/site\/wp-content\/uploads\/2019\/11\/rcprofissional-768x512.jpg 768w, https:\/\/sialcorr.com.br\/site\/wp-content\/uploads\/2019\/11\/rcprofissional.jpg 1280w\" sizes=\"(max-width: 1024px) 100vw, 1024px\" \/>\t\t\t\t\t\t\t\t\t\t\t\t\t\t\t<\/div>\n\t\t\t\t<\/div>\n\t\t\t\t\t<\/div>\n\t\t<\/div>\n\t\t\t\t<div class=\"elementor-column elementor-col-25 elementor-inner-column elementor-element elementor-element-1984bf8\" data-id=\"1984bf8\" data-element_type=\"column\" data-e-type=\"column\">\n\t\t\t<div class=\"elementor-widget-wrap elementor-element-populated\">\n\t\t\t\t\t\t<div class=\"elementor-element elementor-element-5618582 elementor-widget elementor-widget-heading\" data-id=\"5618582\" data-element_type=\"widget\" data-e-type=\"widget\" data-widget_type=\"heading.default\">\n\t\t\t\t<div class=\"elementor-widget-container\">\n\t\t\t\t\t<h2 class=\"elementor-heading-title elementor-size-default\">Seguro<br><b>Empresarial<\/b><\/h2>\t\t\t\t<\/div>\n\t\t\t\t<\/div>\n\t\t\t\t<div class=\"elementor-element elementor-element-57f02cd elementor-widget elementor-widget-image\" data-id=\"57f02cd\" data-element_type=\"widget\" data-e-type=\"widget\" data-widget_type=\"image.default\">\n\t\t\t\t<div class=\"elementor-widget-container\">\n\t\t\t\t\t\t\t\t\t\t\t\t\t\t\t<img loading=\"lazy\" decoding=\"async\" width=\"1024\" height=\"682\" src=\"https:\/\/sialcorr.com.br\/site\/wp-content\/uploads\/2019\/11\/empresarial-1024x682.jpg\" class=\"attachment-large size-large wp-image-145\" alt=\"\" srcset=\"https:\/\/sialcorr.com.br\/site\/wp-content\/uploads\/2019\/11\/empresarial-1024x682.jpg 1024w, https:\/\/sialcorr.com.br\/site\/wp-content\/uploads\/2019\/11\/empresarial-300x200.jpg 300w, https:\/\/sialcorr.com.br\/site\/wp-content\/uploads\/2019\/11\/empresarial-768x512.jpg 768w, https:\/\/sialcorr.com.br\/site\/wp-content\/uploads\/2019\/11\/empresarial.jpg 1280w\" sizes=\"(max-width: 1024px) 100vw, 1024px\" \/>\t\t\t\t\t\t\t\t\t\t\t\t\t\t\t<\/div>\n\t\t\t\t<\/div>\n\t\t\t\t\t<\/div>\n\t\t<\/div>\n\t\t\t\t<div class=\"elementor-column elementor-col-25 elementor-inner-column elementor-element elementor-element-e627dfd\" data-id=\"e627dfd\" data-element_type=\"column\" data-e-type=\"column\">\n\t\t\t<div class=\"elementor-widget-wrap elementor-element-populated\">\n\t\t\t\t\t\t<div class=\"elementor-element elementor-element-b80209d elementor-widget elementor-widget-heading\" data-id=\"b80209d\" data-element_type=\"widget\" data-e-type=\"widget\" data-widget_type=\"heading.default\">\n\t\t\t\t<div class=\"elementor-widget-container\">\n\t\t\t\t\t<h2 class=\"elementor-heading-title elementor-size-default\">Seguro<br><b>Autom\u00f3vel<\/b><\/h2>\t\t\t\t<\/div>\n\t\t\t\t<\/div>\n\t\t\t\t<div class=\"elementor-element elementor-element-3b17483 elementor-widget elementor-widget-image\" data-id=\"3b17483\" data-element_type=\"widget\" data-e-type=\"widget\" data-widget_type=\"image.default\">\n\t\t\t\t<div class=\"elementor-widget-container\">\n\t\t\t\t\t\t\t\t\t\t\t\t\t\t\t<img loading=\"lazy\" decoding=\"async\" width=\"1024\" height=\"682\" src=\"https:\/\/sialcorr.com.br\/site\/wp-content\/uploads\/2019\/11\/automovel-1024x682.jpg\" class=\"attachment-large size-large wp-image-143\" alt=\"\" srcset=\"https:\/\/sialcorr.com.br\/site\/wp-content\/uploads\/2019\/11\/automovel-1024x682.jpg 1024w, https:\/\/sialcorr.com.br\/site\/wp-content\/uploads\/2019\/11\/automovel-300x200.jpg 300w, https:\/\/sialcorr.com.br\/site\/wp-content\/uploads\/2019\/11\/automovel-768x511.jpg 768w, https:\/\/sialcorr.com.br\/site\/wp-content\/uploads\/2019\/11\/automovel.jpg 1280w\" sizes=\"(max-width: 1024px) 100vw, 1024px\" \/>\t\t\t\t\t\t\t\t\t\t\t\t\t\t\t<\/div>\n\t\t\t\t<\/div>\n\t\t\t\t\t<\/div>\n\t\t<\/div>\n\t\t\t\t<div class=\"elementor-column elementor-col-25 elementor-inner-column elementor-element elementor-element-6ef9def\" data-id=\"6ef9def\" data-element_type=\"column\" data-e-type=\"column\">\n\t\t\t<div class=\"elementor-widget-wrap elementor-element-populated\">\n\t\t\t\t\t\t<div class=\"elementor-element elementor-element-a194549 elementor-widget elementor-widget-heading\" data-id=\"a194549\" data-element_type=\"widget\" data-e-type=\"widget\" data-widget_type=\"heading.default\">\n\t\t\t\t<div class=\"elementor-widget-container\">\n\t\t\t\t\t<h2 class=\"elementor-heading-title elementor-size-default\">Cons\u00f3rcios<\/h2>\t\t\t\t<\/div>\n\t\t\t\t<\/div>\n\t\t\t\t<div class=\"elementor-element elementor-element-6174662 elementor-widget elementor-widget-image\" data-id=\"6174662\" data-element_type=\"widget\" data-e-type=\"widget\" data-widget_type=\"image.default\">\n\t\t\t\t<div class=\"elementor-widget-container\">\n\t\t\t\t\t\t\t\t\t\t\t\t\t\t\t<img loading=\"lazy\" decoding=\"async\" width=\"853\" height=\"563\" src=\"https:\/\/sialcorr.com.br\/site\/wp-content\/uploads\/2019\/11\/consorcio_novo_lojacorr_2.jpg\" class=\"attachment-large size-large wp-image-149\" alt=\"\" srcset=\"https:\/\/sialcorr.com.br\/site\/wp-content\/uploads\/2019\/11\/consorcio_novo_lojacorr_2.jpg 853w, https:\/\/sialcorr.com.br\/site\/wp-content\/uploads\/2019\/11\/consorcio_novo_lojacorr_2-300x198.jpg 300w, https:\/\/sialcorr.com.br\/site\/wp-content\/uploads\/2019\/11\/consorcio_novo_lojacorr_2-768x507.jpg 768w\" sizes=\"(max-width: 853px) 100vw, 853px\" \/>\t\t\t\t\t\t\t\t\t\t\t\t\t\t\t<\/div>\n\t\t\t\t<\/div>\n\t\t\t\t\t<\/div>\n\t\t<\/div>\n\t\t\t\t\t<\/div>\n\t\t<\/section>\n\t\t\t\t<div class=\"elementor-element elementor-element-f33312c elementor-align-center elementor-widget elementor-widget-button\" data-id=\"f33312c\" data-element_type=\"widget\" data-e-type=\"widget\" data-widget_type=\"button.default\">\n\t\t\t\t<div class=\"elementor-widget-container\">\n\t\t\t\t\t\t\t\t\t<div class=\"elementor-button-wrapper\">\n\t\t\t\t\t<a class=\"elementor-button elementor-button-link elementor-size-md\" href=\"https:\/\/sialcorr.com.br\/site\/solucoes\/\" target=\"_blank\">\n\t\t\t\t\t\t<span class=\"elementor-button-content-wrapper\">\n\t\t\t\t\t\t\t\t\t<span class=\"elementor-button-text\">Ver todas as Solu\u00e7\u00f5es<\/span>\n\t\t\t\t\t<\/span>\n\t\t\t\t\t<\/a>\n\t\t\t\t<\/div>\n\t\t\t\t\t\t\t\t<\/div>\n\t\t\t\t<\/div>\n\t\t\t\t\t<\/div>\n\t\t<\/div>\n\t\t\t\t\t<\/div>\n\t\t<\/section>\n\t\t\t\t<section class=\"elementor-section elementor-top-section elementor-element elementor-element-e30bd42 elementor-section-stretched elementor-section-full_width elementor-section-height-full elementor-section-content-middle elementor-section-height-default elementor-section-items-middle\" data-id=\"e30bd42\" data-element_type=\"section\" data-e-type=\"section\" data-settings=\"{&quot;stretch_section&quot;:&quot;section-stretched&quot;,&quot;background_background&quot;:&quot;classic&quot;}\">\n\t\t\t\t\t\t\t<div class=\"elementor-background-overlay\"><\/div>\n\t\t\t\t\t\t\t<div class=\"elementor-container elementor-column-gap-default\">\n\t\t\t\t\t<div class=\"elementor-column elementor-col-100 elementor-top-column elementor-element elementor-element-8eebe14\" data-id=\"8eebe14\" data-element_type=\"column\" data-e-type=\"column\">\n\t\t\t<div class=\"elementor-widget-wrap elementor-element-populated\">\n\t\t\t\t\t\t<div class=\"elementor-element elementor-element-d25d0fc elementor-widget elementor-widget-heading\" data-id=\"d25d0fc\" data-element_type=\"widget\" data-e-type=\"widget\" data-widget_type=\"heading.default\">\n\t\t\t\t<div class=\"elementor-widget-container\">\n\t\t\t\t\t<h2 class=\"elementor-heading-title elementor-size-default\">Etapas para a prote\u00e7\u00e3o certa<\/h2>\t\t\t\t<\/div>\n\t\t\t\t<\/div>\n\t\t\t\t<section class=\"elementor-section elementor-inner-section elementor-element elementor-element-8b69ca6 elementor-section-boxed elementor-section-height-default elementor-section-height-default\" data-id=\"8b69ca6\" data-element_type=\"section\" data-e-type=\"section\">\n\t\t\t\t\t\t<div class=\"elementor-container elementor-column-gap-default\">\n\t\t\t\t\t<div class=\"elementor-column elementor-col-33 elementor-inner-column elementor-element elementor-element-d594aaa\" data-id=\"d594aaa\" data-element_type=\"column\" data-e-type=\"column\">\n\t\t\t<div class=\"elementor-widget-wrap elementor-element-populated\">\n\t\t\t\t\t\t<div class=\"elementor-element elementor-element-c013801 elementor-view-default elementor-position-block-start elementor-mobile-position-block-start elementor-widget elementor-widget-icon-box\" data-id=\"c013801\" data-element_type=\"widget\" data-e-type=\"widget\" data-widget_type=\"icon-box.default\">\n\t\t\t\t<div class=\"elementor-widget-container\">\n\t\t\t\t\t\t\t<div class=\"elementor-icon-box-wrapper\">\n\n\t\t\t\t\t\t<div class=\"elementor-icon-box-icon\">\n\t\t\t\t<span  class=\"elementor-icon\">\n\t\t\t\t<i aria-hidden=\"true\" class=\"fas fa-search\"><\/i>\t\t\t\t<\/span>\n\t\t\t<\/div>\n\t\t\t\n\t\t\t\t\t\t<div class=\"elementor-icon-box-content\">\n\n\t\t\t\t\t\t\t\t\t<h3 class=\"elementor-icon-box-title\">\n\t\t\t\t\t\t<span  >\n\t\t\t\t\t\t\tDIAGN\u00d3STICO\t\t\t\t\t\t<\/span>\n\t\t\t\t\t<\/h3>\n\t\t\t\t\n\t\t\t\t\t\t\t\t\t<p class=\"elementor-icon-box-description\">\n\t\t\t\t\t\tAntes de qualquer coisa,<br>\u00e9 preciso entender a realidade<br>e o contexto de cada pessoa<br>e de cada empresa.<br>Solu\u00e7\u00e3o \u00e9 diferente de produto; demanda di\u00e1logo, compreens\u00e3o<br>e dados essenciais para<br>uma an\u00e1lise correta e transparente.\t\t\t\t\t<\/p>\n\t\t\t\t\n\t\t\t<\/div>\n\t\t\t\n\t\t<\/div>\n\t\t\t\t\t\t<\/div>\n\t\t\t\t<\/div>\n\t\t\t\t\t<\/div>\n\t\t<\/div>\n\t\t\t\t<div class=\"elementor-column elementor-col-33 elementor-inner-column elementor-element elementor-element-0150755\" data-id=\"0150755\" data-element_type=\"column\" data-e-type=\"column\">\n\t\t\t<div class=\"elementor-widget-wrap elementor-element-populated\">\n\t\t\t\t\t\t<div class=\"elementor-element elementor-element-05c8057 elementor-view-default elementor-position-block-start elementor-mobile-position-block-start elementor-widget elementor-widget-icon-box\" data-id=\"05c8057\" data-element_type=\"widget\" data-e-type=\"widget\" data-widget_type=\"icon-box.default\">\n\t\t\t\t<div class=\"elementor-widget-container\">\n\t\t\t\t\t\t\t<div class=\"elementor-icon-box-wrapper\">\n\n\t\t\t\t\t\t<div class=\"elementor-icon-box-icon\">\n\t\t\t\t<span  class=\"elementor-icon\">\n\t\t\t\t<i aria-hidden=\"true\" class=\"fas fa-file-alt\"><\/i>\t\t\t\t<\/span>\n\t\t\t<\/div>\n\t\t\t\n\t\t\t\t\t\t<div class=\"elementor-icon-box-content\">\n\n\t\t\t\t\t\t\t\t\t<h3 class=\"elementor-icon-box-title\">\n\t\t\t\t\t\t<span  >\n\t\t\t\t\t\t\tAN\u00c1LISE\t\t\t\t\t\t<\/span>\n\t\t\t\t\t<\/h3>\n\t\t\t\t\n\t\t\t\t\t\t\t\t\t<p class=\"elementor-icon-box-description\">\n\t\t\t\t\t\tRegistrados os dados necess\u00e1rios,<br>s\u00e3o feitas an\u00e1lises<br>para identificar as coberturas,<br>os valores de indeniza\u00e7\u00e3o e<br>as assist\u00eancias mais adequadas<br>a cada cliente.<br><br><br>\t\t\t\t\t<\/p>\n\t\t\t\t\n\t\t\t<\/div>\n\t\t\t\n\t\t<\/div>\n\t\t\t\t\t\t<\/div>\n\t\t\t\t<\/div>\n\t\t\t\t\t<\/div>\n\t\t<\/div>\n\t\t\t\t<div class=\"elementor-column elementor-col-33 elementor-inner-column elementor-element elementor-element-60705e7\" data-id=\"60705e7\" data-element_type=\"column\" data-e-type=\"column\">\n\t\t\t<div class=\"elementor-widget-wrap elementor-element-populated\">\n\t\t\t\t\t\t<div class=\"elementor-element elementor-element-18fabdd elementor-view-default elementor-position-block-start elementor-mobile-position-block-start elementor-widget elementor-widget-icon-box\" data-id=\"18fabdd\" data-element_type=\"widget\" data-e-type=\"widget\" data-widget_type=\"icon-box.default\">\n\t\t\t\t<div class=\"elementor-widget-container\">\n\t\t\t\t\t\t\t<div class=\"elementor-icon-box-wrapper\">\n\n\t\t\t\t\t\t<div class=\"elementor-icon-box-icon\">\n\t\t\t\t<span  class=\"elementor-icon\">\n\t\t\t\t<i aria-hidden=\"true\" class=\"fas fa-bullseye\"><\/i>\t\t\t\t<\/span>\n\t\t\t<\/div>\n\t\t\t\n\t\t\t\t\t\t<div class=\"elementor-icon-box-content\">\n\n\t\t\t\t\t\t\t\t\t<h3 class=\"elementor-icon-box-title\">\n\t\t\t\t\t\t<span  >\n\t\t\t\t\t\t\tA MELHOR SOLU\u00c7\u00c3O\t\t\t\t\t\t<\/span>\n\t\t\t\t\t<\/h3>\n\t\t\t\t\n\t\t\t\t\t\t\t\t\t<p class=\"elementor-icon-box-description\">\n\t\t\t\t\t\tS\u00e3o apresentadas<br>as alternativas com<br>o melhor custo x benef\u00edcio,<br>de acordo com<br>o estudo de prote\u00e7\u00e3o<br>que foi realizado.<br><br><br>\t\t\t\t\t<\/p>\n\t\t\t\t\n\t\t\t<\/div>\n\t\t\t\n\t\t<\/div>\n\t\t\t\t\t\t<\/div>\n\t\t\t\t<\/div>\n\t\t\t\t\t<\/div>\n\t\t<\/div>\n\t\t\t\t\t<\/div>\n\t\t<\/section>\n\t\t\t\t\t<\/div>\n\t\t<\/div>\n\t\t\t\t\t<\/div>\n\t\t<\/section>\n\t\t\t\t<\/div>\n\t\t","protected":false},"excerpt":{"rendered":"<p>PARA N\u00d3S,CADA PESSOA, CADA EMPRESA,\u00c9 \u00daNICA. A solu\u00e7\u00e3o sob medida para voc\u00ea e para o seu neg\u00f3cio est\u00e1 aqui. Interesse genu\u00edno e profissionalismo para te entregartranquilidade e seguran\u00e7a com a melhor rela\u00e7\u00e3o custo x benef\u00edcio. N\u00f3s te ajudamosa se proteger financeiramente,do jeito certo. Atuamos para todo o territ\u00f3rio nacional Seguro de VidaIndividual Seguro de VidaFamiliar &#8230; <a title=\"HOME\" class=\"read-more\" href=\"https:\/\/sialcorr.com.br\/site\/\">Ler mais <span class=\"screen-reader-text\">HOME<\/span><\/a><\/p>\n","protected":false},"author":1,"featured_media":0,"parent":0,"menu_order":0,"comment_status":"closed","ping_status":"closed","template":"","meta":{"footnotes":""},"class_list":["post-13","page","type-page","status-publish"],"_links":{"self":[{"href":"https:\/\/sialcorr.com.br\/site\/wp-json\/wp\/v2\/pages\/13","targetHints":{"allow":["GET"]}}],"collection":[{"href":"https:\/\/sialcorr.com.br\/site\/wp-json\/wp\/v2\/pages"}],"about":[{"href":"https:\/\/sialcorr.com.br\/site\/wp-json\/wp\/v2\/types\/page"}],"author":[{"embeddable":true,"href":"https:\/\/sialcorr.com.br\/site\/wp-json\/wp\/v2\/users\/1"}],"replies":[{"embeddable":true,"href":"https:\/\/sialcorr.com.br\/site\/wp-json\/wp\/v2\/comments?post=13"}],"version-history":[{"count":157,"href":"https:\/\/sialcorr.com.br\/site\/wp-json\/wp\/v2\/pages\/13\/revisions"}],"predecessor-version":[{"id":519,"href":"https:\/\/sialcorr.com.br\/site\/wp-json\/wp\/v2\/pages\/13\/revisions\/519"}],"wp:attachment":[{"href":"https:\/\/sialcorr.com.br\/site\/wp-json\/wp\/v2\/media?parent=13"}],"curies":[{"name":"wp","href":"https:\/\/api.w.org\/{rel}","templated":true}]}}