{"id":15,"date":"2019-11-22T13:54:50","date_gmt":"2019-11-22T16:54:50","guid":{"rendered":"https:\/\/sialcorr.com.br\/site\/?page_id=15"},"modified":"2024-06-11T18:34:53","modified_gmt":"2024-06-11T21:34:53","slug":"quem-somos","status":"publish","type":"page","link":"https:\/\/sialcorr.com.br\/site\/quem-somos\/","title":{"rendered":"QUEM SOMOS"},"content":{"rendered":"\t\t<div data-elementor-type=\"wp-page\" data-elementor-id=\"15\" class=\"elementor elementor-15\">\n\t\t\t\t\t\t<section class=\"elementor-section elementor-top-section elementor-element elementor-element-6da9495 elementor-section-boxed elementor-section-height-default elementor-section-height-default\" data-id=\"6da9495\" data-element_type=\"section\" data-e-type=\"section\">\n\t\t\t\t\t\t<div class=\"elementor-container elementor-column-gap-default\">\n\t\t\t\t\t<div class=\"elementor-column elementor-col-50 elementor-top-column elementor-element elementor-element-0300e81\" data-id=\"0300e81\" data-element_type=\"column\" data-e-type=\"column\">\n\t\t\t<div class=\"elementor-widget-wrap elementor-element-populated\">\n\t\t\t\t\t\t<div class=\"elementor-element elementor-element-d6f2e02 elementor-widget elementor-widget-heading\" data-id=\"d6f2e02\" data-element_type=\"widget\" data-e-type=\"widget\" data-widget_type=\"heading.default\">\n\t\t\t\t<div class=\"elementor-widget-container\">\n\t\t\t\t\t<h2 class=\"elementor-heading-title elementor-size-default\">Quem somos<\/h2>\t\t\t\t<\/div>\n\t\t\t\t<\/div>\n\t\t\t\t<div class=\"elementor-element elementor-element-1be6c16 elementor-widget elementor-widget-text-editor\" data-id=\"1be6c16\" data-element_type=\"widget\" data-e-type=\"widget\" data-widget_type=\"text-editor.default\">\n\t\t\t\t<div class=\"elementor-widget-container\">\n\t\t\t\t\t\t\t\t\t<p>Uma equipe dedicada a proteger pessoas e empresas, com simplicidade e\u00a0de maneira personalizada.<\/p><p>H\u00e1 mais de 5 anos no mercado e com a experi\u00eancia de seus s\u00f3cios em Seguros somando quase 15 anos,<br \/>somos membro da maior Rede de Corretoras de Seguros Independentes do Brasil,\u00a0<a style=\"background-color: #ffffff;\" href=\"https:\/\/www.redelojacorr.com.br\/\" target=\"_blank\" rel=\"noopener\"><b>a Rede Lojacorr.<\/b><\/a><\/p>\t\t\t\t\t\t\t\t<\/div>\n\t\t\t\t<\/div>\n\t\t\t\t\t<\/div>\n\t\t<\/div>\n\t\t\t\t<div class=\"elementor-column elementor-col-50 elementor-top-column elementor-element elementor-element-c4c5073\" data-id=\"c4c5073\" data-element_type=\"column\" data-e-type=\"column\">\n\t\t\t<div class=\"elementor-widget-wrap elementor-element-populated\">\n\t\t\t\t\t\t<div class=\"elementor-element elementor-element-f6c5f10 elementor-widget elementor-widget-image\" data-id=\"f6c5f10\" data-element_type=\"widget\" data-e-type=\"widget\" data-widget_type=\"image.default\">\n\t\t\t\t<div class=\"elementor-widget-container\">\n\t\t\t\t\t\t\t\t\t\t\t\t\t\t\t<img fetchpriority=\"high\" decoding=\"async\" width=\"1024\" height=\"682\" src=\"https:\/\/sialcorr.com.br\/site\/wp-content\/uploads\/2019\/11\/about_us-1024x682.jpg\" class=\"attachment-large size-large wp-image-199\" alt=\"\" srcset=\"https:\/\/sialcorr.com.br\/site\/wp-content\/uploads\/2019\/11\/about_us-1024x682.jpg 1024w, https:\/\/sialcorr.com.br\/site\/wp-content\/uploads\/2019\/11\/about_us-300x200.jpg 300w, https:\/\/sialcorr.com.br\/site\/wp-content\/uploads\/2019\/11\/about_us-768x512.jpg 768w, https:\/\/sialcorr.com.br\/site\/wp-content\/uploads\/2019\/11\/about_us.jpg 1280w\" sizes=\"(max-width: 1024px) 100vw, 1024px\" \/>\t\t\t\t\t\t\t\t\t\t\t\t\t\t\t<\/div>\n\t\t\t\t<\/div>\n\t\t\t\t\t<\/div>\n\t\t<\/div>\n\t\t\t\t\t<\/div>\n\t\t<\/section>\n\t\t\t\t<section class=\"elementor-section elementor-top-section elementor-element elementor-element-c4e26b6 elementor-section-stretched elementor-section-full_width elementor-section-height-full elementor-section-content-middle elementor-section-height-default elementor-section-items-middle\" data-id=\"c4e26b6\" data-element_type=\"section\" data-e-type=\"section\" data-settings=\"{&quot;stretch_section&quot;:&quot;section-stretched&quot;,&quot;background_background&quot;:&quot;classic&quot;}\">\n\t\t\t\t\t\t\t<div class=\"elementor-background-overlay\"><\/div>\n\t\t\t\t\t\t\t<div class=\"elementor-container elementor-column-gap-default\">\n\t\t\t\t\t<div class=\"elementor-column elementor-col-100 elementor-top-column elementor-element elementor-element-e0259e5\" data-id=\"e0259e5\" data-element_type=\"column\" data-e-type=\"column\">\n\t\t\t<div class=\"elementor-widget-wrap elementor-element-populated\">\n\t\t\t\t\t\t<section class=\"elementor-section elementor-inner-section elementor-element elementor-element-c595bdc elementor-section-boxed elementor-section-height-default elementor-section-height-default\" data-id=\"c595bdc\" data-element_type=\"section\" data-e-type=\"section\">\n\t\t\t\t\t\t<div class=\"elementor-container elementor-column-gap-default\">\n\t\t\t\t\t<div class=\"elementor-column elementor-col-20 elementor-inner-column elementor-element elementor-element-d8f5cfb\" data-id=\"d8f5cfb\" data-element_type=\"column\" data-e-type=\"column\">\n\t\t\t<div class=\"elementor-widget-wrap elementor-element-populated\">\n\t\t\t\t\t\t<div class=\"elementor-element elementor-element-6c489a8 elementor-widget elementor-widget-heading\" data-id=\"6c489a8\" data-element_type=\"widget\" data-e-type=\"widget\" data-widget_type=\"heading.default\">\n\t\t\t\t<div class=\"elementor-widget-container\">\n\t\t\t\t\t<h2 class=\"elementor-heading-title elementor-size-default\">POR QUE FAZEMOS<\/h2>\t\t\t\t<\/div>\n\t\t\t\t<\/div>\n\t\t\t\t<div class=\"elementor-element elementor-element-65274ea elementor-widget elementor-widget-text-editor\" data-id=\"65274ea\" data-element_type=\"widget\" data-e-type=\"widget\" data-widget_type=\"text-editor.default\">\n\t\t\t\t<div class=\"elementor-widget-container\">\n\t\t\t\t\t\t\t\t\t<p>Voc\u00ea j\u00e1 presenciou algu\u00e9m ou alguma empresa viver uma situa\u00e7\u00e3o financeira dif\u00edcil por n\u00e3o estar devidamente preparada?<br \/>N\u00f3s j\u00e1. Por isso, n\u00e3o podemos deixar, em hip\u00f3tese alguma, que voc\u00ea, outras pessoas e empresas que se importam consigo mesmas, com seus bens e com a sociedade, estejam desprotegidas e sejam v\u00edtimas de infort\u00fanios financeiros.<\/p>\t\t\t\t\t\t\t\t<\/div>\n\t\t\t\t<\/div>\n\t\t\t\t\t<\/div>\n\t\t<\/div>\n\t\t\t\t<div class=\"elementor-column elementor-col-20 elementor-inner-column elementor-element elementor-element-c6fd140\" data-id=\"c6fd140\" data-element_type=\"column\" data-e-type=\"column\">\n\t\t\t<div class=\"elementor-widget-wrap\">\n\t\t\t\t\t\t\t<\/div>\n\t\t<\/div>\n\t\t\t\t<div class=\"elementor-column elementor-col-20 elementor-inner-column elementor-element elementor-element-02a9e5b\" data-id=\"02a9e5b\" data-element_type=\"column\" data-e-type=\"column\">\n\t\t\t<div class=\"elementor-widget-wrap elementor-element-populated\">\n\t\t\t\t\t\t<div class=\"elementor-element elementor-element-26c3fac elementor-widget elementor-widget-heading\" data-id=\"26c3fac\" data-element_type=\"widget\" data-e-type=\"widget\" data-widget_type=\"heading.default\">\n\t\t\t\t<div class=\"elementor-widget-container\">\n\t\t\t\t\t<h2 class=\"elementor-heading-title elementor-size-default\">COMO FAZEMOS<\/h2>\t\t\t\t<\/div>\n\t\t\t\t<\/div>\n\t\t\t\t<div class=\"elementor-element elementor-element-b6fe307 elementor-widget elementor-widget-text-editor\" data-id=\"b6fe307\" data-element_type=\"widget\" data-e-type=\"widget\" data-widget_type=\"text-editor.default\">\n\t\t\t\t<div class=\"elementor-widget-container\">\n\t\t\t\t\t\t\t\t\t<p>Com Amor, \u00c9tica,<br \/>Trabalho e Parceria,<br \/>te oferecemos<br \/>solu\u00e7\u00f5es customizadas,<br \/>baseadas em um diagn\u00f3stico,<br \/>para proteger voc\u00ea,<br \/>sua fam\u00edlia, sua empresa,<br \/>do jeito certo.<\/p>\t\t\t\t\t\t\t\t<\/div>\n\t\t\t\t<\/div>\n\t\t\t\t\t<\/div>\n\t\t<\/div>\n\t\t\t\t<div class=\"elementor-column elementor-col-20 elementor-inner-column elementor-element elementor-element-2ce8c42\" data-id=\"2ce8c42\" data-element_type=\"column\" data-e-type=\"column\">\n\t\t\t<div class=\"elementor-widget-wrap\">\n\t\t\t\t\t\t\t<\/div>\n\t\t<\/div>\n\t\t\t\t<div class=\"elementor-column elementor-col-20 elementor-inner-column elementor-element elementor-element-f6327bd\" data-id=\"f6327bd\" data-element_type=\"column\" data-e-type=\"column\">\n\t\t\t<div class=\"elementor-widget-wrap elementor-element-populated\">\n\t\t\t\t\t\t<div class=\"elementor-element elementor-element-1398a26 elementor-widget elementor-widget-heading\" data-id=\"1398a26\" data-element_type=\"widget\" data-e-type=\"widget\" data-widget_type=\"heading.default\">\n\t\t\t\t<div class=\"elementor-widget-container\">\n\t\t\t\t\t<h2 class=\"elementor-heading-title elementor-size-default\">O QUE FAZEMOS<\/h2>\t\t\t\t<\/div>\n\t\t\t\t<\/div>\n\t\t\t\t<div class=\"elementor-element elementor-element-e4de8a5 elementor-widget elementor-widget-text-editor\" data-id=\"e4de8a5\" data-element_type=\"widget\" data-e-type=\"widget\" data-widget_type=\"text-editor.default\">\n\t\t\t\t<div class=\"elementor-widget-container\">\n\t\t\t\t\t\t\t\t\t<p>Ajudamos pessoas como voc\u00ea, empresas como a sua,<br \/>a se protegerem financeiramente<br \/>e protegerem tamb\u00e9m o que \u00e9 importante para cada uma. Proteger do jeito certo<br \/>\u00e9 o caminho para n\u00e3o haver excessos nem defici\u00eancia<br \/>de prote\u00e7\u00e3o,<br \/>promovendo, assim,<br \/>a rela\u00e7\u00e3o ganha x ganha<br \/>na qual tanto acreditamos!<\/p>\t\t\t\t\t\t\t\t<\/div>\n\t\t\t\t<\/div>\n\t\t\t\t\t<\/div>\n\t\t<\/div>\n\t\t\t\t\t<\/div>\n\t\t<\/section>\n\t\t\t\t\t<\/div>\n\t\t<\/div>\n\t\t\t\t\t<\/div>\n\t\t<\/section>\n\t\t\t\t<section class=\"elementor-section elementor-top-section elementor-element elementor-element-49be54f elementor-section-boxed elementor-section-height-default elementor-section-height-default\" data-id=\"49be54f\" data-element_type=\"section\" data-e-type=\"section\">\n\t\t\t\t\t\t<div class=\"elementor-container elementor-column-gap-default\">\n\t\t\t\t\t<div class=\"elementor-column elementor-col-100 elementor-top-column elementor-element elementor-element-88bcd96\" data-id=\"88bcd96\" data-element_type=\"column\" data-e-type=\"column\">\n\t\t\t<div class=\"elementor-widget-wrap elementor-element-populated\">\n\t\t\t\t\t\t<div class=\"elementor-element elementor-element-f83994f elementor-widget elementor-widget-heading\" data-id=\"f83994f\" data-element_type=\"widget\" data-e-type=\"widget\" data-widget_type=\"heading.default\">\n\t\t\t\t<div class=\"elementor-widget-container\">\n\t\t\t\t\t<h2 class=\"elementor-heading-title elementor-size-default\">Membro da Maior<br>Rede de Corretoras de Seguros Independentes<br>do Brasil<\/h2>\t\t\t\t<\/div>\n\t\t\t\t<\/div>\n\t\t\t\t\t<\/div>\n\t\t<\/div>\n\t\t\t\t\t<\/div>\n\t\t<\/section>\n\t\t\t\t<section class=\"elementor-section elementor-top-section elementor-element elementor-element-9b5440c elementor-section-boxed elementor-section-height-default elementor-section-height-default\" data-id=\"9b5440c\" data-element_type=\"section\" data-e-type=\"section\">\n\t\t\t\t\t\t<div class=\"elementor-container elementor-column-gap-default\">\n\t\t\t\t\t<div class=\"elementor-column elementor-col-50 elementor-top-column elementor-element elementor-element-e7f2fab\" data-id=\"e7f2fab\" data-element_type=\"column\" data-e-type=\"column\">\n\t\t\t<div class=\"elementor-widget-wrap elementor-element-populated\">\n\t\t\t\t\t\t<div class=\"elementor-element elementor-element-bfc0340 elementor-widget elementor-widget-heading\" data-id=\"bfc0340\" data-element_type=\"widget\" data-e-type=\"widget\" data-widget_type=\"heading.default\">\n\t\t\t\t<div class=\"elementor-widget-container\">\n\t\t\t\t\t<h2 class=\"elementor-heading-title elementor-size-default\">61 Unidades<br>26 Estados + DF<br>4.000+ Munic\u00edpios<br>300 Colaboradores (na Rede)<br>500 Mil+ Ap\u00f3lices emitidas<br>R$ 800 Milh\u00f5es+ em Seguros emitidos<\/h2>\t\t\t\t<\/div>\n\t\t\t\t<\/div>\n\t\t\t\t<div class=\"elementor-element elementor-element-890262b elementor-widget elementor-widget-image\" data-id=\"890262b\" data-element_type=\"widget\" data-e-type=\"widget\" data-widget_type=\"image.default\">\n\t\t\t\t<div class=\"elementor-widget-container\">\n\t\t\t\t\t\t\t\t\t\t\t\t\t\t\t\t<a href=\"https:\/\/www.redelojacorr.com.br\/\" target=\"_blank\">\n\t\t\t\t\t\t\t<img decoding=\"async\" src=\"https:\/\/sialcorr.com.br\/site\/wp-content\/uploads\/elementor\/thumbs\/lojacorr_nova_logo-q9shcs40rxmy8m4mf6nzez3oypzi3zjp9ope6ovzvg.png\" title=\"lojacorr_nova_logo\" alt=\"lojacorr_nova_logo\" loading=\"lazy\" \/>\t\t\t\t\t\t\t\t<\/a>\n\t\t\t\t\t\t\t\t\t\t\t\t\t\t\t<\/div>\n\t\t\t\t<\/div>\n\t\t\t\t\t<\/div>\n\t\t<\/div>\n\t\t\t\t<div class=\"elementor-column elementor-col-50 elementor-top-column elementor-element elementor-element-1ff1beb\" data-id=\"1ff1beb\" data-element_type=\"column\" data-e-type=\"column\">\n\t\t\t<div class=\"elementor-widget-wrap elementor-element-populated\">\n\t\t\t\t\t\t<div class=\"elementor-element elementor-element-a5ef20e elementor-widget elementor-widget-image\" data-id=\"a5ef20e\" data-element_type=\"widget\" data-e-type=\"widget\" data-widget_type=\"image.default\">\n\t\t\t\t<div class=\"elementor-widget-container\">\n\t\t\t\t\t\t\t\t\t\t\t\t\t\t\t<img decoding=\"async\" width=\"612\" height=\"563\" src=\"https:\/\/sialcorr.com.br\/site\/wp-content\/uploads\/2021\/02\/mapa_rede_lojacorr.png\" class=\"attachment-large size-large wp-image-484\" alt=\"\" srcset=\"https:\/\/sialcorr.com.br\/site\/wp-content\/uploads\/2021\/02\/mapa_rede_lojacorr.png 612w, https:\/\/sialcorr.com.br\/site\/wp-content\/uploads\/2021\/02\/mapa_rede_lojacorr-300x276.png 300w\" sizes=\"(max-width: 612px) 100vw, 612px\" \/>\t\t\t\t\t\t\t\t\t\t\t\t\t\t\t<\/div>\n\t\t\t\t<\/div>\n\t\t\t\t\t<\/div>\n\t\t<\/div>\n\t\t\t\t\t<\/div>\n\t\t<\/section>\n\t\t\t\t<\/div>\n\t\t","protected":false},"excerpt":{"rendered":"<p>Quem somos Uma equipe dedicada a proteger pessoas e empresas, com simplicidade e\u00a0de maneira personalizada. H\u00e1 mais de 5 anos no mercado e com a experi\u00eancia de seus s\u00f3cios em Seguros somando quase 15 anos,somos membro da maior Rede de Corretoras de Seguros Independentes do Brasil,\u00a0a Rede Lojacorr. POR QUE FAZEMOS Voc\u00ea j\u00e1 presenciou algu\u00e9m &#8230; <a title=\"QUEM SOMOS\" class=\"read-more\" href=\"https:\/\/sialcorr.com.br\/site\/quem-somos\/\">Ler mais <span class=\"screen-reader-text\">QUEM SOMOS<\/span><\/a><\/p>\n","protected":false},"author":1,"featured_media":0,"parent":0,"menu_order":0,"comment_status":"closed","ping_status":"closed","template":"","meta":{"footnotes":""},"class_list":["post-15","page","type-page","status-publish"],"_links":{"self":[{"href":"https:\/\/sialcorr.com.br\/site\/wp-json\/wp\/v2\/pages\/15","targetHints":{"allow":["GET"]}}],"collection":[{"href":"https:\/\/sialcorr.com.br\/site\/wp-json\/wp\/v2\/pages"}],"about":[{"href":"https:\/\/sialcorr.com.br\/site\/wp-json\/wp\/v2\/types\/page"}],"author":[{"embeddable":true,"href":"https:\/\/sialcorr.com.br\/site\/wp-json\/wp\/v2\/users\/1"}],"replies":[{"embeddable":true,"href":"https:\/\/sialcorr.com.br\/site\/wp-json\/wp\/v2\/comments?post=15"}],"version-history":[{"count":70,"href":"https:\/\/sialcorr.com.br\/site\/wp-json\/wp\/v2\/pages\/15\/revisions"}],"predecessor-version":[{"id":506,"href":"https:\/\/sialcorr.com.br\/site\/wp-json\/wp\/v2\/pages\/15\/revisions\/506"}],"wp:attachment":[{"href":"https:\/\/sialcorr.com.br\/site\/wp-json\/wp\/v2\/media?parent=15"}],"curies":[{"name":"wp","href":"https:\/\/api.w.org\/{rel}","templated":true}]}}